{"id":2445,"date":"2024-02-02T11:24:31","date_gmt":"2024-02-02T11:24:31","guid":{"rendered":"https:\/\/relopack.com\/?page_id=2445"},"modified":"2024-07-24T05:35:08","modified_gmt":"2024-07-24T05:35:08","slug":"kaptury-foliowe","status":"publish","type":"page","link":"https:\/\/relopack.com\/de\/produkte\/folienhauben\/","title":{"rendered":"Folienhauben"},"content":{"rendered":"<div data-elementor-type=\"wp-page\" data-elementor-id=\"2445\" class=\"elementor elementor-2445\" data-elementor-post-type=\"page\">\n\t\t\t\t\t\t<section class=\"elementor-section elementor-top-section elementor-element elementor-element-a681619 elementor-section-boxed elementor-section-height-default elementor-section-height-default\" data-id=\"a681619\" data-element_type=\"section\">\n\t\t\t\t\t\t<div class=\"elementor-container elementor-column-gap-default\">\n\t\t\t\t\t<div class=\"elementor-column elementor-col-100 elementor-top-column elementor-element elementor-element-73bf087\" data-id=\"73bf087\" data-element_type=\"column\">\n\t\t\t<div class=\"elementor-widget-wrap elementor-element-populated\">\n\t\t\t\t\t\t<div class=\"elementor-element elementor-element-7a39e49 elementor-widget elementor-widget-shortcode\" data-id=\"7a39e49\" data-element_type=\"widget\" data-widget_type=\"shortcode.default\">\n\t\t\t\t<div class=\"elementor-widget-container\">\n\t\t\t\t\t\t\t<div class=\"elementor-shortcode\"><span><span><a href=\"https:\/\/relopack.com\/de\/\">Homepage<\/a><\/span><\/span><\/div>\n\t\t\t\t\t\t<\/div>\n\t\t\t\t<\/div>\n\t\t\t\t\t<\/div>\n\t\t<\/div>\n\t\t\t\t\t<\/div>\n\t\t<\/section>\n\t\t\t\t<section class=\"elementor-section elementor-top-section elementor-element elementor-element-a0da0fa elementor-section-boxed elementor-section-height-default elementor-section-height-default\" data-id=\"a0da0fa\" data-element_type=\"section\" data-settings=\"{&quot;background_background&quot;:&quot;classic&quot;}\">\n\t\t\t\t\t\t<div class=\"elementor-container elementor-column-gap-default\">\n\t\t\t\t\t<div class=\"elementor-column elementor-col-100 elementor-top-column elementor-element elementor-element-c511940\" data-id=\"c511940\" data-element_type=\"column\">\n\t\t\t<div class=\"elementor-widget-wrap elementor-element-populated\">\n\t\t\t\t\t\t<div class=\"elementor-element elementor-element-7035aa2 elementor-widget elementor-widget-heading\" data-id=\"7035aa2\" data-element_type=\"widget\" data-widget_type=\"heading.default\">\n\t\t\t\t<div class=\"elementor-widget-container\">\n\t\t\t\t\t<h1 class=\"elementor-heading-title elementor-size-default\">FOLIENHAUBEN - PE \/ ALU \/ VCI<\/h1>\t\t\t\t<\/div>\n\t\t\t\t<\/div>\n\t\t\t\t<div class=\"elementor-element elementor-element-580e53d elementor-widget elementor-widget-text-editor\" data-id=\"580e53d\" data-element_type=\"widget\" data-widget_type=\"text-editor.default\">\n\t\t\t\t<div class=\"elementor-widget-container\">\n\t\t\t\t\t\t\t\t\t<p>Investieren Sie in Sicherheit! Ganz gleich, in welcher Branche Sie t\u00e4tig sind, unsere Folienhauben sind die perfekte L\u00f6sung, um Ihre Produkte vor Schmutz und Feuchtigkeit oder versehentlichen Sch\u00e4den zu sch\u00fctzen.\u00a0<\/p><p>\u00a0<\/p><p><strong>ALU-Folienhauben nach DIN 55 531 \/ MIL-PRF-131J \/ TL 8135-0003<\/strong><\/p><p>F\u00fcr Langzeitexportverpackungen fertigen wir Hauben und S\u00e4cke aus Aluminiumverbund-Hei\u00dfsiegelfolie nach exakten Vorgaben oder Kistenma\u00dfen des Kunden. Sie entsprechen u.a. der DIN 55 531 \/ MIL-PRF-131J \/ TL 8135-0003. Aluminiumverbundfolien in Kombination mit Trockenmitteln sind derzeit der beste Korrosionsschutz f\u00fcr industrielle Exportverpackungen, die f\u00fcr verschiedene Klimazonen mit sehr feuchter Seeluft bestimmt sind. Solche Verpackungen eignen sich besonders f\u00fcr den Schutz von hochwertigen Maschinen, elektronischen Teilen und korrosionsgef\u00e4hrdeten Gegenst\u00e4nden.<\/p><p>\u00a0<\/p><p><strong>PE-Folienhauben <\/strong>Wir fertigen sie nach den gew\u00fcnschten Abmessungen. Sie werden zum Schutz vor Staub und Feuchtigkeit w\u00e4hrend des Transports eingesetzt. Wir liefern Hauben und Beutel mit Folienst\u00e4rken von 120 m\u00b5 bis zu einer Folienst\u00e4rke von 200 m\u00b5.<\/p><p>\u00a0<\/p><p><strong>VCI-Hauben, Abdeckungen und Taschen <\/strong>werden aus 120 m\u00b5 Korrosionsschutzfolie hergestellt. Sie werden zum Schutz von Metallen und korrosionsgef\u00e4hrdeten Eisenteilen eingesetzt. Palettenkasteneins\u00e4tze, Gitterboxen oder Hauben f\u00fcr Exportverpackungen werden von uns ma\u00dfgenau gefertigt. Sie wirken dank kontinuierlich verdampfender Korrosionsinhibitoren korrosionshemmend und bilden so eine d\u00fcnne, unsichtbare Schutzschicht auf der Metalloberfl\u00e4che, die Rost und Korrosion dauerhaft verhindert.<\/p><p>\u00a0<\/p><p>Wir beraten Sie auch gerne bei der Auswahl der richtigen <a href=\"https:\/\/relopack.com\/de\/feuchtigkeitsabsorber\/\"><strong>Feuchtigkeitsabsorber!<\/strong>\u00a0<\/a><\/p>\t\t\t\t\t\t\t\t<\/div>\n\t\t\t\t<\/div>\n\t\t\t\t\t<\/div>\n\t\t<\/div>\n\t\t\t\t\t<\/div>\n\t\t<\/section>\n\t\t\t\t<section class=\"elementor-section elementor-top-section elementor-element elementor-element-022480f elementor-section-full_width elementor-section-height-default elementor-section-height-default\" data-id=\"022480f\" data-element_type=\"section\">\n\t\t\t\t\t\t<div class=\"elementor-container elementor-column-gap-no\">\n\t\t\t\t\t<div class=\"elementor-column elementor-col-100 elementor-top-column elementor-element elementor-element-d75f3c3\" data-id=\"d75f3c3\" data-element_type=\"column\">\n\t\t\t<div class=\"elementor-widget-wrap elementor-element-populated\">\n\t\t\t\t\t\t<div class=\"elementor-element elementor-element-f50b284 elementor-widget elementor-widget-template\" data-id=\"f50b284\" data-element_type=\"widget\" data-widget_type=\"template.default\">\n\t\t\t\t<div class=\"elementor-widget-container\">\n\t\t\t\t\t\t\t<div class=\"elementor-template\">\n\t\t\t\t\t<div data-elementor-type=\"section\" data-elementor-id=\"1280\" class=\"elementor elementor-1280\" data-elementor-post-type=\"elementor_library\">\n\t\t\t\t\t<section class=\"elementor-section elementor-top-section elementor-element elementor-element-4d2ff809 elementor-section-full_width elementor-section-height-min-height elementor-section-items-stretch elementor-section-height-default\" data-id=\"4d2ff809\" data-element_type=\"section\" data-settings=\"{&quot;background_background&quot;:&quot;classic&quot;}\">\n\t\t\t\t\t\t<div class=\"elementor-container elementor-column-gap-no\">\n\t\t\t\t\t<div class=\"elementor-column elementor-col-25 elementor-top-column elementor-element elementor-element-5afba4d1\" data-id=\"5afba4d1\" data-element_type=\"column\">\n\t\t\t<div class=\"elementor-widget-wrap elementor-element-populated\">\n\t\t\t\t\t\t<div class=\"elementor-element elementor-element-458a6118 elementor-absolute elementor-hidden-mobile elementor-invisible elementor-widget elementor-widget-image\" data-id=\"458a6118\" data-element_type=\"widget\" data-settings=\"{&quot;_position&quot;:&quot;absolute&quot;,&quot;_animation&quot;:&quot;fadeInLeft&quot;,&quot;_animation_delay&quot;:264}\" data-widget_type=\"image.default\">\n\t\t\t\t<div class=\"elementor-widget-container\">\n\t\t\t\t\t\t\t\t\t\t\t\t\t\t\t<img fetchpriority=\"high\" decoding=\"async\" width=\"344\" height=\"275\" src=\"https:\/\/relopack.com\/wp-content\/uploads\/2023\/05\/Warstwa_1-1.webp\" class=\"attachment-large size-large wp-image-480\" alt=\"\" srcset=\"https:\/\/relopack.com\/wp-content\/uploads\/2023\/05\/Warstwa_1-1.webp 344w, https:\/\/relopack.com\/wp-content\/uploads\/2023\/05\/Warstwa_1-1-300x240.webp 300w\" sizes=\"(max-width: 344px) 100vw, 344px\" \/>\t\t\t\t\t\t\t\t\t\t\t\t\t\t\t<\/div>\n\t\t\t\t<\/div>\n\t\t\t\t\t<\/div>\n\t\t<\/div>\n\t\t\t\t<div class=\"elementor-column elementor-col-25 elementor-top-column elementor-element elementor-element-5520666f\" data-id=\"5520666f\" data-element_type=\"column\">\n\t\t\t<div class=\"elementor-widget-wrap elementor-element-populated\">\n\t\t\t\t\t\t<div class=\"elementor-element elementor-element-2fe7a271 elementor-widget elementor-widget-heading\" data-id=\"2fe7a271\" data-element_type=\"widget\" data-widget_type=\"heading.default\">\n\t\t\t\t<div class=\"elementor-widget-container\">\n\t\t\t\t\t<h2 class=\"elementor-heading-title elementor-size-default\">Kontakt<\/h2>\t\t\t\t<\/div>\n\t\t\t\t<\/div>\n\t\t\t\t<div class=\"elementor-element elementor-element-6192f0e elementor-widget elementor-widget-text-editor\" data-id=\"6192f0e\" data-element_type=\"widget\" data-widget_type=\"text-editor.default\">\n\t\t\t\t<div class=\"elementor-widget-container\">\n\t\t\t\t\t\t\t\t\t<p><strong><span style=\"font-size: 11pt; font-family: Arial, sans-serif; color: #000000; background-color: transparent; font-style: normal; font-variant: normal; text-decoration: none; vertical-align: baseline; white-space: pre-wrap;\">info@relopack.com<br \/><\/span><\/strong><strong><span style=\"font-size: 11pt; font-family: Arial, sans-serif; color: #000000; background-color: transparent; font-style: normal; font-variant: normal; text-decoration: none; vertical-align: baseline; white-space: pre-wrap;\">+48 605 591 181<br \/><\/span><\/strong><strong><span style=\"font-size: 11pt; font-family: Arial, sans-serif; color: #000000; background-color: transparent; font-style: normal; font-variant: normal; text-decoration: none; vertical-align: baseline; white-space: pre-wrap;\">+48 606 352 666<\/span><\/strong><\/p>\t\t\t\t\t\t\t\t<\/div>\n\t\t\t\t<\/div>\n\t\t\t\t\t<\/div>\n\t\t<\/div>\n\t\t\t\t<div class=\"elementor-column elementor-col-25 elementor-top-column elementor-element elementor-element-76e4d95a\" data-id=\"76e4d95a\" data-element_type=\"column\">\n\t\t\t<div class=\"elementor-widget-wrap elementor-element-populated\">\n\t\t\t\t\t\t<div class=\"elementor-element elementor-element-50205abd elementor-button-align-end elementor-widget-tablet__width-initial contact__form elementor-widget elementor-widget-form\" data-id=\"50205abd\" data-element_type=\"widget\" data-settings=\"{&quot;step_next_label&quot;:&quot;Next&quot;,&quot;step_previous_label&quot;:&quot;Previous&quot;,&quot;button_width&quot;:&quot;100&quot;,&quot;step_type&quot;:&quot;number_text&quot;,&quot;step_icon_shape&quot;:&quot;circle&quot;}\" data-no-translation=\"\" data-widget_type=\"form.default\">\n\t\t\t\t<div class=\"elementor-widget-container\">\n\t\t\t\t\t<style>.elementor-element-50205abd{display:none !important}<\/style>\t\t\t\t<\/div>\n\t\t\t\t<\/div>\n\t\t\t\t<div class=\"elementor-element elementor-element-09d1fc4 elementor-button-align-end elementor-widget-tablet__width-initial contact__form elementor-widget elementor-widget-form\" data-id=\"09d1fc4\" data-element_type=\"widget\" data-settings=\"{&quot;step_next_label&quot;:&quot;Next&quot;,&quot;step_previous_label&quot;:&quot;Previous&quot;,&quot;button_width&quot;:&quot;100&quot;,&quot;step_type&quot;:&quot;number_text&quot;,&quot;step_icon_shape&quot;:&quot;circle&quot;}\" data-no-translation=\"\" data-widget_type=\"form.default\">\n\t\t\t\t<div class=\"elementor-widget-container\">\n\t\t\t\t\t<style>.elementor-element-09d1fc4{display:none !important}<\/style>\t\t\t\t<\/div>\n\t\t\t\t<\/div>\n\t\t\t\t<div class=\"elementor-element elementor-element-c2de5d5 elementor-button-align-end elementor-widget-tablet__width-initial contact__form elementor-widget elementor-widget-form\" data-id=\"c2de5d5\" data-element_type=\"widget\" data-settings=\"{&quot;step_next_label&quot;:&quot;Next&quot;,&quot;step_previous_label&quot;:&quot;Previous&quot;,&quot;button_width&quot;:&quot;100&quot;,&quot;step_type&quot;:&quot;number_text&quot;,&quot;step_icon_shape&quot;:&quot;circle&quot;}\" data-no-translation=\"\" data-widget_type=\"form.default\">\n\t\t\t\t<div class=\"elementor-widget-container\">\n\t\t\t\t\t\t\t<form class=\"elementor-form\" method=\"post\" name=\"ContactForm\" action=\"\">\n\t\t\t<input type=\"hidden\" name=\"post_id\" value=\"1280\"\/>\n\t\t\t<input type=\"hidden\" name=\"form_id\" value=\"c2de5d5\"\/>\n\t\t\t<input type=\"hidden\" name=\"referer_title\" value=\"Relopack\" \/>\n\n\t\t\t\n\t\t\t<div class=\"elementor-form-fields-wrapper elementor-labels-\">\n\t\t\t\t\t\t\t\t<div class=\"elementor-field-type-text elementor-field-group elementor-column elementor-field-group-name elementor-col-100 elementor-field-required\">\n\t\t\t\t\t\t\t\t\t\t\t\t<label for=\"form-field-name\" class=\"elementor-field-label elementor-screen-only\">\n\t\t\t\t\t\t\t\tImi\u0119\t\t\t\t\t\t\t<\/label>\n\t\t\t\t\t\t\t\t\t\t\t\t\t\t<input size=\"1\" type=\"text\" name=\"form_fields[name]\" id=\"form-field-name\" class=\"elementor-field elementor-size-sm  elementor-field-textual\" placeholder=\"Name\" required=\"required\">\n\t\t\t\t\t\t\t\t\t\t\t<\/div>\n\t\t\t\t\t\t\t\t<div class=\"elementor-field-type-text elementor-field-group elementor-column elementor-field-group-phoneNumber elementor-col-100 elementor-field-required\">\n\t\t\t\t\t\t\t\t\t\t\t\t<label for=\"form-field-phoneNumber\" class=\"elementor-field-label elementor-screen-only\">\n\t\t\t\t\t\t\t\tNumer Telefonu\t\t\t\t\t\t\t<\/label>\n\t\t\t\t\t\t\t\t\t\t\t\t\t\t<input size=\"1\" type=\"text\" name=\"form_fields[phoneNumber]\" id=\"form-field-phoneNumber\" class=\"elementor-field elementor-size-sm  elementor-field-textual\" placeholder=\"Telefon\" required=\"required\">\n\t\t\t\t\t\t\t\t\t\t\t<\/div>\n\t\t\t\t\t\t\t\t<div class=\"elementor-field-type-email elementor-field-group elementor-column elementor-field-group-email elementor-col-100 elementor-field-required\">\n\t\t\t\t\t\t\t\t\t\t\t\t<label for=\"form-field-email\" class=\"elementor-field-label elementor-screen-only\">\n\t\t\t\t\t\t\t\tE-mail\t\t\t\t\t\t\t<\/label>\n\t\t\t\t\t\t\t\t\t\t\t\t\t\t<input size=\"1\" type=\"email\" name=\"form_fields[email]\" id=\"form-field-email\" class=\"elementor-field elementor-size-sm  elementor-field-textual\" placeholder=\"E-mail\" required=\"required\">\n\t\t\t\t\t\t\t\t\t\t\t<\/div>\n\t\t\t\t\t\t\t\t<div class=\"elementor-field-type-textarea elementor-field-group elementor-column elementor-field-group-message elementor-col-100 elementor-field-required\">\n\t\t\t\t\t\t\t\t\t\t\t\t<label for=\"form-field-message\" class=\"elementor-field-label elementor-screen-only\">\n\t\t\t\t\t\t\t\tWiadomo\u015b\u0107\t\t\t\t\t\t\t<\/label>\n\t\t\t\t\t\t<textarea class=\"elementor-field-textual elementor-field  elementor-size-sm\" name=\"form_fields[message]\" id=\"form-field-message\" rows=\"4\" placeholder=\"Nachricht\" required=\"required\"><\/textarea>\t\t\t\t<\/div>\n\t\t\t\t\t\t\t\t<div class=\"elementor-field-type-acceptance elementor-field-group elementor-column elementor-field-group-field_checkbox elementor-col-100 elementor-field-required\">\n\t\t\t\t\t\t\t<div class=\"elementor-field-subgroup\">\n\t\t\t<span class=\"elementor-field-option\">\n\t\t\t\t<input type=\"checkbox\" name=\"form_fields[field_checkbox]\" id=\"form-field-field_checkbox\" class=\"elementor-field elementor-size-sm  elementor-acceptance-field\" required=\"required\">\n\t\t\t\t<label for=\"form-field-field_checkbox\">Ich erkl\u00e4re mich damit einverstanden, dass Relopack meine im Formular enthaltenen personenbezogenen Daten zu dem Zweck und in dem Umfang verarbeitet, wie es f\u00fcr diese Bewerbung erforderlich ist.  <\/label>\t\t\t<\/span>\n\t\t<\/div>\n\t\t\t\t\t\t<\/div>\n\t\t\t\t\t\t\t\t<div class=\"elementor-field-type-recaptcha_v3 elementor-field-group elementor-column elementor-field-group-field_8be6de8 elementor-col-100 recaptcha_v3-bottomright\">\n\t\t\t\t\t<div class=\"elementor-field\" id=\"form-field-field_8be6de8\"><div class=\"elementor-g-recaptcha\" data-sitekey=\"6LeelkwmAAAAAD3N4PtAf0rhFraLl5nIvAvg4wy4\" data-type=\"v3\" data-action=\"Form\" data-badge=\"bottomright\" data-size=\"invisible\"><\/div><\/div>\t\t\t\t<\/div>\n\t\t\t\t\t\t\t\t<div class=\"elementor-field-group elementor-column elementor-field-type-submit elementor-col-100 e-form__buttons\">\n\t\t\t\t\t<button class=\"elementor-button elementor-size-sm\" type=\"submit\" id=\"sendMessage\">\n\t\t\t\t\t\t<span class=\"elementor-button-content-wrapper\">\n\t\t\t\t\t\t\t\t\t\t\t\t\t\t\t\t\t\t\t\t\t\t<span class=\"elementor-button-text\">Eine Nachricht senden<\/span>\n\t\t\t\t\t\t\t\t\t\t\t\t\t<\/span>\n\t\t\t\t\t<\/button>\n\t\t\t\t<\/div>\n\t\t\t<\/div>\n\t\t<input type=\"hidden\" name=\"trp-form-language\" value=\"de\"\/><\/form>\n\t\t\t\t\t\t<\/div>\n\t\t\t\t<\/div>\n\t\t\t\t\t<\/div>\n\t\t<\/div>\n\t\t\t\t<div class=\"elementor-column elementor-col-25 elementor-top-column elementor-element elementor-element-6f5e6713 ohiddenCol\" data-id=\"6f5e6713\" data-element_type=\"column\">\n\t\t\t<div class=\"elementor-widget-wrap elementor-element-populated\">\n\t\t\t\t\t\t<div class=\"elementor-element elementor-element-336c9602 elementor-absolute elementor-hidden-mobile elementor-widget__width-auto elementor-invisible elementor-widget elementor-widget-image\" data-id=\"336c9602\" data-element_type=\"widget\" data-settings=\"{&quot;_position&quot;:&quot;absolute&quot;,&quot;_animation&quot;:&quot;fadeInRight&quot;}\" data-widget_type=\"image.default\">\n\t\t\t\t<div class=\"elementor-widget-container\">\n\t\t\t\t\t\t\t\t\t\t\t\t\t\t\t<img decoding=\"async\" width=\"264\" height=\"275\" src=\"https:\/\/relopack.com\/wp-content\/uploads\/2023\/05\/Warstwa_1-2-1.webp\" class=\"attachment-large size-large wp-image-481\" alt=\"\" \/>\t\t\t\t\t\t\t\t\t\t\t\t\t\t\t<\/div>\n\t\t\t\t<\/div>\n\t\t\t\t\t<\/div>\n\t\t<\/div>\n\t\t\t\t\t<\/div>\n\t\t<\/section>\n\t\t\t\t<\/div>\n\t\t\t\t<\/div>\n\t\t\t\t\t\t<\/div>\n\t\t\t\t<\/div>\n\t\t\t\t\t<\/div>\n\t\t<\/div>\n\t\t\t\t\t<\/div>\n\t\t<\/section>\n\t\t\t\t<\/div>","protected":false},"excerpt":{"rendered":"<p>Folienhauben - PE \/ ALU \/ VCI Investieren Sie in Sicherheit! Egal, in welcher Branche Sie t\u00e4tig sind, unsere Folienhauben sind die perfekte L\u00f6sung, um Ihre Produkte vor Schmutz und Feuchtigkeit oder versehentlicher Besch\u00e4digung zu sch\u00fctzen.    ALU-Folienhauben nach DIN 55 531 \/ MIL-PRF-131J \/ TL 8135-0003 Wir fertigen Hauben und Beutel aus aluminiumverschwei\u00dfbarer Verbundfolie [...]<\/p>","protected":false},"author":1,"featured_media":0,"parent":1002,"menu_order":0,"comment_status":"closed","ping_status":"closed","template":"","meta":{"inline_featured_image":false,"footnotes":""},"class_list":["post-2445","page","type-page","status-publish","hentry"],"acf":[],"yoast_head":"<!-- This site is optimized with the Yoast SEO plugin v26.2 - https:\/\/yoast.com\/wordpress\/plugins\/seo\/ -->\n<title>Kaptury foliowe - Relopack<\/title>\n<meta name=\"robots\" content=\"index, follow, max-snippet:-1, max-image-preview:large, max-video-preview:-1\" \/>\n<link rel=\"canonical\" href=\"https:\/\/relopack.com\/de\/produkte\/folienhauben\/\" \/>\n<meta property=\"og:locale\" content=\"de_DE\" \/>\n<meta property=\"og:type\" content=\"article\" \/>\n<meta property=\"og:title\" content=\"Kaptury foliowe - Relopack\" \/>\n<meta property=\"og:description\" content=\"KAPTURY FOLIOWE &#8211; PE \/ ALU \/ VCI Zainwestuj w bezpiecze\u0144stwo!\u00a0Niezale\u017cnie od bran\u017cy, w kt\u00f3rej dzia\u0142asz, nasze kaptury foliowe s\u0105 doskona\u0142ym rozwi\u0105zaniem do zabezpieczania produkt\u00f3w przed zabrudzeniem i wilgoci\u0105, czy przypadkowymi uszkodzeniami.\u00a0 \u00a0 Kaptury z folii ALU wg DIN 55 531 \/ MIL-PRF-131J \/ TL 8135-0003 Kaptury i worki produkujemy z kompozytowej folii zgrzewalnej aluminium [&hellip;]\" \/>\n<meta property=\"og:url\" content=\"https:\/\/relopack.com\/de\/produkte\/folienhauben\/\" \/>\n<meta property=\"og:site_name\" content=\"Relopack\" \/>\n<meta property=\"article:publisher\" content=\"https:\/\/www.facebook.com\/Relopacksolutions\/\" \/>\n<meta property=\"article:modified_time\" content=\"2024-07-24T05:35:08+00:00\" \/>\n<meta name=\"twitter:card\" content=\"summary_large_image\" \/>\n<meta name=\"twitter:label1\" content=\"Gesch\u00e4tzte Lesezeit\" \/>\n\t<meta name=\"twitter:data1\" content=\"2\u00a0Minuten\" \/>\n<script type=\"application\/ld+json\" class=\"yoast-schema-graph\">{\"@context\":\"https:\/\/schema.org\",\"@graph\":[{\"@type\":\"WebPage\",\"@id\":\"https:\/\/relopack.com\/produkty\/kaptury-foliowe\/\",\"url\":\"https:\/\/relopack.com\/produkty\/kaptury-foliowe\/\",\"name\":\"Kaptury foliowe - Relopack\",\"isPartOf\":{\"@id\":\"https:\/\/relopack.com\/#website\"},\"datePublished\":\"2024-02-02T11:24:31+00:00\",\"dateModified\":\"2024-07-24T05:35:08+00:00\",\"breadcrumb\":{\"@id\":\"https:\/\/relopack.com\/produkty\/kaptury-foliowe\/#breadcrumb\"},\"inLanguage\":\"de\",\"potentialAction\":[{\"@type\":\"ReadAction\",\"target\":[\"https:\/\/relopack.com\/produkty\/kaptury-foliowe\/\"]}]},{\"@type\":\"BreadcrumbList\",\"@id\":\"https:\/\/relopack.com\/produkty\/kaptury-foliowe\/#breadcrumb\",\"itemListElement\":[{\"@type\":\"ListItem\",\"position\":1,\"name\":\"Strona g\u0142\u00f3wna\",\"item\":\"https:\/\/relopack.com\/\"},{\"@type\":\"ListItem\",\"position\":2,\"name\":\"Produkty\",\"item\":\"https:\/\/relopack.com\/produkty\/\"},{\"@type\":\"ListItem\",\"position\":3,\"name\":\"Kaptury foliowe\"}]},{\"@type\":\"WebSite\",\"@id\":\"https:\/\/relopack.com\/#website\",\"url\":\"https:\/\/relopack.com\/\",\"name\":\"Relopack\",\"description\":\"our work your trust\",\"publisher\":{\"@id\":\"https:\/\/relopack.com\/#organization\"},\"potentialAction\":[{\"@type\":\"SearchAction\",\"target\":{\"@type\":\"EntryPoint\",\"urlTemplate\":\"https:\/\/relopack.com\/?s={search_term_string}\"},\"query-input\":{\"@type\":\"PropertyValueSpecification\",\"valueRequired\":true,\"valueName\":\"search_term_string\"}}],\"inLanguage\":\"de\"},{\"@type\":\"Organization\",\"@id\":\"https:\/\/relopack.com\/#organization\",\"name\":\"Relopack\",\"url\":\"https:\/\/relopack.com\/\",\"logo\":{\"@type\":\"ImageObject\",\"inLanguage\":\"de\",\"@id\":\"https:\/\/relopack.com\/#\/schema\/logo\/image\/\",\"url\":\"https:\/\/relopack.com\/wp-content\/uploads\/2023\/05\/Group-9149.webp\",\"contentUrl\":\"https:\/\/relopack.com\/wp-content\/uploads\/2023\/05\/Group-9149.webp\",\"width\":410,\"height\":117,\"caption\":\"Relopack\"},\"image\":{\"@id\":\"https:\/\/relopack.com\/#\/schema\/logo\/image\/\"},\"sameAs\":[\"https:\/\/www.facebook.com\/Relopacksolutions\/\",\"https:\/\/www.linkedin.com\/company\/relopacksolutions\/\"]}]}<\/script>\n<!-- \/ Yoast SEO plugin. -->","yoast_head_json":{"title":"Folienhauben - Relopack","robots":{"index":"index","follow":"follow","max-snippet":"max-snippet:-1","max-image-preview":"max-image-preview:large","max-video-preview":"max-video-preview:-1"},"canonical":"https:\/\/relopack.com\/de\/produkte\/folienhauben\/","og_locale":"de_DE","og_type":"article","og_title":"Kaptury foliowe - Relopack","og_description":"KAPTURY FOLIOWE &#8211; PE \/ ALU \/ VCI Zainwestuj w bezpiecze\u0144stwo!\u00a0Niezale\u017cnie od bran\u017cy, w kt\u00f3rej dzia\u0142asz, nasze kaptury foliowe s\u0105 doskona\u0142ym rozwi\u0105zaniem do zabezpieczania produkt\u00f3w przed zabrudzeniem i wilgoci\u0105, czy przypadkowymi uszkodzeniami.\u00a0 \u00a0 Kaptury z folii ALU wg DIN 55 531 \/ MIL-PRF-131J \/ TL 8135-0003 Kaptury i worki produkujemy z kompozytowej folii zgrzewalnej aluminium [&hellip;]","og_url":"https:\/\/relopack.com\/de\/produkte\/folienhauben\/","og_site_name":"Relopack","article_publisher":"https:\/\/www.facebook.com\/Relopacksolutions\/","article_modified_time":"2024-07-24T05:35:08+00:00","twitter_card":"summary_large_image","twitter_misc":{"Gesch\u00e4tzte Lesezeit":"2\u00a0Minuten"},"schema":{"@context":"https:\/\/schema.org","@graph":[{"@type":"WebPage","@id":"https:\/\/relopack.com\/produkty\/kaptury-foliowe\/","url":"https:\/\/relopack.com\/produkty\/kaptury-foliowe\/","name":"Folienhauben - Relopack","isPartOf":{"@id":"https:\/\/relopack.com\/#website"},"datePublished":"2024-02-02T11:24:31+00:00","dateModified":"2024-07-24T05:35:08+00:00","breadcrumb":{"@id":"https:\/\/relopack.com\/produkty\/kaptury-foliowe\/#breadcrumb"},"inLanguage":"de","potentialAction":[{"@type":"ReadAction","target":["https:\/\/relopack.com\/produkty\/kaptury-foliowe\/"]}]},{"@type":"BreadcrumbList","@id":"https:\/\/relopack.com\/produkty\/kaptury-foliowe\/#breadcrumb","itemListElement":[{"@type":"ListItem","position":1,"name":"Strona g\u0142\u00f3wna","item":"https:\/\/relopack.com\/"},{"@type":"ListItem","position":2,"name":"Produkty","item":"https:\/\/relopack.com\/produkty\/"},{"@type":"ListItem","position":3,"name":"Kaptury foliowe"}]},{"@type":"WebSite","@id":"https:\/\/relopack.com\/#website","url":"https:\/\/relopack.com\/","name":"Relopack","description":"unsere Arbeit Ihr Vertrauen","publisher":{"@id":"https:\/\/relopack.com\/#organization"},"potentialAction":[{"@type":"SearchAction","target":{"@type":"EntryPoint","urlTemplate":"https:\/\/relopack.com\/?s={search_term_string}"},"query-input":{"@type":"PropertyValueSpecification","valueRequired":true,"valueName":"search_term_string"}}],"inLanguage":"de"},{"@type":"Organization","@id":"https:\/\/relopack.com\/#organization","name":"Relopack","url":"https:\/\/relopack.com\/","logo":{"@type":"ImageObject","inLanguage":"de","@id":"https:\/\/relopack.com\/#\/schema\/logo\/image\/","url":"https:\/\/relopack.com\/wp-content\/uploads\/2023\/05\/Group-9149.webp","contentUrl":"https:\/\/relopack.com\/wp-content\/uploads\/2023\/05\/Group-9149.webp","width":410,"height":117,"caption":"Relopack"},"image":{"@id":"https:\/\/relopack.com\/#\/schema\/logo\/image\/"},"sameAs":["https:\/\/www.facebook.com\/Relopacksolutions\/","https:\/\/www.linkedin.com\/company\/relopacksolutions\/"]}]}},"_links":{"self":[{"href":"https:\/\/relopack.com\/de\/wp-json\/wp\/v2\/pages\/2445","targetHints":{"allow":["GET"]}}],"collection":[{"href":"https:\/\/relopack.com\/de\/wp-json\/wp\/v2\/pages"}],"about":[{"href":"https:\/\/relopack.com\/de\/wp-json\/wp\/v2\/types\/page"}],"author":[{"embeddable":true,"href":"https:\/\/relopack.com\/de\/wp-json\/wp\/v2\/users\/1"}],"replies":[{"embeddable":true,"href":"https:\/\/relopack.com\/de\/wp-json\/wp\/v2\/comments?post=2445"}],"version-history":[{"count":16,"href":"https:\/\/relopack.com\/de\/wp-json\/wp\/v2\/pages\/2445\/revisions"}],"predecessor-version":[{"id":2877,"href":"https:\/\/relopack.com\/de\/wp-json\/wp\/v2\/pages\/2445\/revisions\/2877"}],"up":[{"embeddable":true,"href":"https:\/\/relopack.com\/de\/wp-json\/wp\/v2\/pages\/1002"}],"wp:attachment":[{"href":"https:\/\/relopack.com\/de\/wp-json\/wp\/v2\/media?parent=2445"}],"curies":[{"name":"wp","href":"https:\/\/api.w.org\/{rel}","templated":true}]}}