{"id":1877,"date":"2023-12-15T12:47:22","date_gmt":"2023-12-15T12:47:22","guid":{"rendered":"https:\/\/relopack.com\/?page_id=1877"},"modified":"2024-07-24T04:59:53","modified_gmt":"2024-07-24T04:59:53","slug":"kariera","status":"publish","type":"page","link":"https:\/\/relopack.com\/de\/karriere\/","title":{"rendered":"Karriere"},"content":{"rendered":"<div data-elementor-type=\"wp-page\" data-elementor-id=\"1877\" class=\"elementor elementor-1877\" data-elementor-post-type=\"page\">\n\t\t\t\t\t\t<section class=\"elementor-section elementor-top-section elementor-element elementor-element-f084247 elementor-section-boxed elementor-section-height-default elementor-section-height-default\" data-id=\"f084247\" data-element_type=\"section\">\n\t\t\t\t\t\t<div class=\"elementor-container elementor-column-gap-default\">\n\t\t\t\t\t<div class=\"elementor-column elementor-col-100 elementor-top-column elementor-element elementor-element-1f01203\" data-id=\"1f01203\" data-element_type=\"column\">\n\t\t\t<div class=\"elementor-widget-wrap elementor-element-populated\">\n\t\t\t\t\t\t<div class=\"elementor-element elementor-element-e414ab5 elementor-widget elementor-widget-shortcode\" data-id=\"e414ab5\" data-element_type=\"widget\" data-widget_type=\"shortcode.default\">\n\t\t\t\t<div class=\"elementor-widget-container\">\n\t\t\t\t\t\t\t<div class=\"elementor-shortcode\"><span><span><a href=\"https:\/\/relopack.com\/de\/\">Homepage<\/a><\/span><\/span><\/div>\n\t\t\t\t\t\t<\/div>\n\t\t\t\t<\/div>\n\t\t\t\t\t<\/div>\n\t\t<\/div>\n\t\t\t\t\t<\/div>\n\t\t<\/section>\n\t\t\t\t<section class=\"elementor-section elementor-top-section elementor-element elementor-element-448984d elementor-section-boxed elementor-section-height-default elementor-section-height-default\" data-id=\"448984d\" data-element_type=\"section\">\n\t\t\t\t\t\t<div class=\"elementor-container elementor-column-gap-default\">\n\t\t\t\t\t<div class=\"elementor-column elementor-col-100 elementor-top-column elementor-element elementor-element-2929c7c\" data-id=\"2929c7c\" data-element_type=\"column\">\n\t\t\t<div class=\"elementor-widget-wrap elementor-element-populated\">\n\t\t\t\t\t\t<div class=\"elementor-element elementor-element-eec769a elementor-widget elementor-widget-heading\" data-id=\"eec769a\" data-element_type=\"widget\" data-widget_type=\"heading.default\">\n\t\t\t\t<div class=\"elementor-widget-container\">\n\t\t\t\t\t<h2 class=\"elementor-heading-title elementor-size-default\">Karriere<\/h2>\t\t\t\t<\/div>\n\t\t\t\t<\/div>\n\t\t\t\t<div class=\"elementor-element elementor-element-ddbe61d elementor-grid-1 elementor-grid-tablet-2 elementor-grid-mobile-1 elementor-posts--thumbnail-top elementor-widget elementor-widget-posts\" data-id=\"ddbe61d\" data-element_type=\"widget\" data-settings=\"{&quot;classic_columns&quot;:&quot;1&quot;,&quot;classic_columns_tablet&quot;:&quot;2&quot;,&quot;classic_columns_mobile&quot;:&quot;1&quot;,&quot;classic_row_gap&quot;:{&quot;unit&quot;:&quot;px&quot;,&quot;size&quot;:35,&quot;sizes&quot;:[]},&quot;classic_row_gap_tablet&quot;:{&quot;unit&quot;:&quot;px&quot;,&quot;size&quot;:&quot;&quot;,&quot;sizes&quot;:[]},&quot;classic_row_gap_mobile&quot;:{&quot;unit&quot;:&quot;px&quot;,&quot;size&quot;:&quot;&quot;,&quot;sizes&quot;:[]}}\" data-widget_type=\"posts.classic\">\n\t\t\t\t<div class=\"elementor-widget-container\">\n\t\t\t\t\t\t\t<div class=\"elementor-posts-container elementor-posts elementor-posts--skin-classic elementor-grid\">\n\t\t\t\t<article class=\"elementor-post elementor-grid-item post-2752 post type-post status-publish format-standard hentry category-ogloszenie\">\n\t\t\t\t<div class=\"elementor-post__text\">\n\t\t\t\t<h1 class=\"elementor-post__title\">\n\t\t\t<a href=\"https:\/\/relopack.com\/de\/fachkraft-fur-einkauf-und-logistik\/\" >\n\t\t\t\tFACHKRAFT F\u00dcR EINKAUF UND LOGISTIK\t\t\t<\/a>\n\t\t<\/h1>\n\t\t\n\t\t<a class=\"elementor-post__read-more\" href=\"https:\/\/relopack.com\/de\/fachkraft-fur-einkauf-und-logistik\/\" aria-label=\"Lesen Sie mehr \u00fcber Fachkraft f\u00fcr Einkauf und Logistik\" tabindex=\"-1\" >\n\t\t\tMehr lesen \"\t\t<\/a>\n\n\t\t\t\t<\/div>\n\t\t\t\t<\/article>\n\t\t\t\t<article class=\"elementor-post elementor-grid-item post-2750 post type-post status-publish format-standard hentry category-ogloszenie\">\n\t\t\t\t<div class=\"elementor-post__text\">\n\t\t\t\t<h1 class=\"elementor-post__title\">\n\t\t\t<a href=\"https:\/\/relopack.com\/de\/udt-zertifizierter-bruckenkranfuhrer-bruckenkranfuhrer\/\" >\n\t\t\t\tUDT-ELIGIBLE Bediener f\u00fcr Br\u00fcckenkran \/ Gabelstapler \/ Hubwagen\t\t\t<\/a>\n\t\t<\/h1>\n\t\t\n\t\t<a class=\"elementor-post__read-more\" href=\"https:\/\/relopack.com\/de\/udt-zertifizierter-bruckenkranfuhrer-bruckenkranfuhrer\/\" aria-label=\"Lesen Sie mehr \u00fcber UDT-ELIGIBLE Bediener f\u00fcr Br\u00fcckenkran \/ Gabelstapler \/ Hubwagen\" tabindex=\"-1\" >\n\t\t\tMehr lesen \"\t\t<\/a>\n\n\t\t\t\t<\/div>\n\t\t\t\t<\/article>\n\t\t\t\t<article class=\"elementor-post elementor-grid-item post-1882 post type-post status-publish format-standard hentry category-ogloszenie\">\n\t\t\t\t<div class=\"elementor-post__text\">\n\t\t\t\t<h1 class=\"elementor-post__title\">\n\t\t\t<a href=\"https:\/\/relopack.com\/de\/ankundigung-2\/\" >\n\t\t\t\tPACKAGER - Person f\u00fcr Exportverpackung in Polen und Deutschland\t\t\t<\/a>\n\t\t<\/h1>\n\t\t\n\t\t<a class=\"elementor-post__read-more\" href=\"https:\/\/relopack.com\/de\/ankundigung-2\/\" aria-label=\"Lesen Sie mehr \u00fcber PACKAGER - Person f\u00fcr Exportverpackung in Polen und Deutschland\" tabindex=\"-1\" >\n\t\t\tMehr lesen \"\t\t<\/a>\n\n\t\t\t\t<\/div>\n\t\t\t\t<\/article>\n\t\t\t\t<article class=\"elementor-post elementor-grid-item post-1875 post type-post status-publish format-standard hentry category-ogloszenie\">\n\t\t\t\t<div class=\"elementor-post__text\">\n\t\t\t\t<h1 class=\"elementor-post__title\">\n\t\t\t<a href=\"https:\/\/relopack.com\/de\/anzeige\/\" >\n\t\t\t\tMONTAGEARBEITER \/ MECHANIKER f\u00fcr die Verlagerung von Industriemaschinen (Projekte in ganz Europa)\t\t\t<\/a>\n\t\t<\/h1>\n\t\t\n\t\t<a class=\"elementor-post__read-more\" href=\"https:\/\/relopack.com\/de\/anzeige\/\" aria-label=\"Lesen Sie mehr \u00fcber SCHMIEDER \/ MECHANIKER f\u00fcr die Verlagerung von Industriemaschinen (Projekte in ganz Europa)\" tabindex=\"-1\" >\n\t\t\tMehr lesen \"\t\t<\/a>\n\n\t\t\t\t<\/div>\n\t\t\t\t<\/article>\n\t\t\t\t<\/div>\n\t\t\n\t\t\t\t\t\t<\/div>\n\t\t\t\t<\/div>\n\t\t\t\t\t<\/div>\n\t\t<\/div>\n\t\t\t\t\t<\/div>\n\t\t<\/section>\n\t\t\t\t<\/div>","protected":false},"excerpt":{"rendered":"<p>Karriere<\/p>","protected":false},"author":1,"featured_media":0,"parent":0,"menu_order":0,"comment_status":"closed","ping_status":"closed","template":"","meta":{"inline_featured_image":false,"footnotes":""},"class_list":["post-1877","page","type-page","status-publish","hentry"],"acf":[],"yoast_head":"<!-- This site is optimized with the Yoast SEO plugin v26.2 - https:\/\/yoast.com\/wordpress\/plugins\/seo\/ -->\n<title>Kariera - Relopack<\/title>\n<meta name=\"robots\" content=\"index, follow, max-snippet:-1, max-image-preview:large, max-video-preview:-1\" \/>\n<link rel=\"canonical\" href=\"https:\/\/relopack.com\/de\/karriere\/\" \/>\n<meta property=\"og:locale\" content=\"de_DE\" \/>\n<meta property=\"og:type\" content=\"article\" \/>\n<meta property=\"og:title\" content=\"Kariera - Relopack\" \/>\n<meta property=\"og:description\" content=\"Kariera\" \/>\n<meta property=\"og:url\" content=\"https:\/\/relopack.com\/de\/karriere\/\" \/>\n<meta property=\"og:site_name\" content=\"Relopack\" \/>\n<meta property=\"article:publisher\" content=\"https:\/\/www.facebook.com\/Relopacksolutions\/\" \/>\n<meta property=\"article:modified_time\" content=\"2024-07-24T04:59:53+00:00\" \/>\n<meta name=\"twitter:card\" content=\"summary_large_image\" \/>\n<meta name=\"twitter:label1\" content=\"Gesch\u00e4tzte Lesezeit\" \/>\n\t<meta name=\"twitter:data1\" content=\"1\u00a0Minute\" \/>\n<script type=\"application\/ld+json\" class=\"yoast-schema-graph\">{\"@context\":\"https:\/\/schema.org\",\"@graph\":[{\"@type\":\"WebPage\",\"@id\":\"https:\/\/relopack.com\/kariera\/\",\"url\":\"https:\/\/relopack.com\/kariera\/\",\"name\":\"Kariera - Relopack\",\"isPartOf\":{\"@id\":\"https:\/\/relopack.com\/#website\"},\"datePublished\":\"2023-12-15T12:47:22+00:00\",\"dateModified\":\"2024-07-24T04:59:53+00:00\",\"breadcrumb\":{\"@id\":\"https:\/\/relopack.com\/kariera\/#breadcrumb\"},\"inLanguage\":\"de\",\"potentialAction\":[{\"@type\":\"ReadAction\",\"target\":[\"https:\/\/relopack.com\/kariera\/\"]}]},{\"@type\":\"BreadcrumbList\",\"@id\":\"https:\/\/relopack.com\/kariera\/#breadcrumb\",\"itemListElement\":[{\"@type\":\"ListItem\",\"position\":1,\"name\":\"Strona g\u0142\u00f3wna\",\"item\":\"https:\/\/relopack.com\/\"},{\"@type\":\"ListItem\",\"position\":2,\"name\":\"Kariera\"}]},{\"@type\":\"WebSite\",\"@id\":\"https:\/\/relopack.com\/#website\",\"url\":\"https:\/\/relopack.com\/\",\"name\":\"Relopack\",\"description\":\"our work your trust\",\"publisher\":{\"@id\":\"https:\/\/relopack.com\/#organization\"},\"potentialAction\":[{\"@type\":\"SearchAction\",\"target\":{\"@type\":\"EntryPoint\",\"urlTemplate\":\"https:\/\/relopack.com\/?s={search_term_string}\"},\"query-input\":{\"@type\":\"PropertyValueSpecification\",\"valueRequired\":true,\"valueName\":\"search_term_string\"}}],\"inLanguage\":\"de\"},{\"@type\":\"Organization\",\"@id\":\"https:\/\/relopack.com\/#organization\",\"name\":\"Relopack\",\"url\":\"https:\/\/relopack.com\/\",\"logo\":{\"@type\":\"ImageObject\",\"inLanguage\":\"de\",\"@id\":\"https:\/\/relopack.com\/#\/schema\/logo\/image\/\",\"url\":\"https:\/\/relopack.com\/wp-content\/uploads\/2023\/05\/Group-9149.webp\",\"contentUrl\":\"https:\/\/relopack.com\/wp-content\/uploads\/2023\/05\/Group-9149.webp\",\"width\":410,\"height\":117,\"caption\":\"Relopack\"},\"image\":{\"@id\":\"https:\/\/relopack.com\/#\/schema\/logo\/image\/\"},\"sameAs\":[\"https:\/\/www.facebook.com\/Relopacksolutions\/\",\"https:\/\/www.linkedin.com\/company\/relopacksolutions\/\"]}]}<\/script>\n<!-- \/ Yoast SEO plugin. -->","yoast_head_json":{"title":"Karriere - Relopack","robots":{"index":"index","follow":"follow","max-snippet":"max-snippet:-1","max-image-preview":"max-image-preview:large","max-video-preview":"max-video-preview:-1"},"canonical":"https:\/\/relopack.com\/de\/karriere\/","og_locale":"de_DE","og_type":"article","og_title":"Kariera - Relopack","og_description":"Kariera","og_url":"https:\/\/relopack.com\/de\/karriere\/","og_site_name":"Relopack","article_publisher":"https:\/\/www.facebook.com\/Relopacksolutions\/","article_modified_time":"2024-07-24T04:59:53+00:00","twitter_card":"summary_large_image","twitter_misc":{"Gesch\u00e4tzte Lesezeit":"1\u00a0Minute"},"schema":{"@context":"https:\/\/schema.org","@graph":[{"@type":"WebPage","@id":"https:\/\/relopack.com\/kariera\/","url":"https:\/\/relopack.com\/kariera\/","name":"Karriere - Relopack","isPartOf":{"@id":"https:\/\/relopack.com\/#website"},"datePublished":"2023-12-15T12:47:22+00:00","dateModified":"2024-07-24T04:59:53+00:00","breadcrumb":{"@id":"https:\/\/relopack.com\/kariera\/#breadcrumb"},"inLanguage":"de","potentialAction":[{"@type":"ReadAction","target":["https:\/\/relopack.com\/kariera\/"]}]},{"@type":"BreadcrumbList","@id":"https:\/\/relopack.com\/kariera\/#breadcrumb","itemListElement":[{"@type":"ListItem","position":1,"name":"Strona g\u0142\u00f3wna","item":"https:\/\/relopack.com\/"},{"@type":"ListItem","position":2,"name":"Kariera"}]},{"@type":"WebSite","@id":"https:\/\/relopack.com\/#website","url":"https:\/\/relopack.com\/","name":"Relopack","description":"unsere Arbeit Ihr Vertrauen","publisher":{"@id":"https:\/\/relopack.com\/#organization"},"potentialAction":[{"@type":"SearchAction","target":{"@type":"EntryPoint","urlTemplate":"https:\/\/relopack.com\/?s={search_term_string}"},"query-input":{"@type":"PropertyValueSpecification","valueRequired":true,"valueName":"search_term_string"}}],"inLanguage":"de"},{"@type":"Organization","@id":"https:\/\/relopack.com\/#organization","name":"Relopack","url":"https:\/\/relopack.com\/","logo":{"@type":"ImageObject","inLanguage":"de","@id":"https:\/\/relopack.com\/#\/schema\/logo\/image\/","url":"https:\/\/relopack.com\/wp-content\/uploads\/2023\/05\/Group-9149.webp","contentUrl":"https:\/\/relopack.com\/wp-content\/uploads\/2023\/05\/Group-9149.webp","width":410,"height":117,"caption":"Relopack"},"image":{"@id":"https:\/\/relopack.com\/#\/schema\/logo\/image\/"},"sameAs":["https:\/\/www.facebook.com\/Relopacksolutions\/","https:\/\/www.linkedin.com\/company\/relopacksolutions\/"]}]}},"_links":{"self":[{"href":"https:\/\/relopack.com\/de\/wp-json\/wp\/v2\/pages\/1877","targetHints":{"allow":["GET"]}}],"collection":[{"href":"https:\/\/relopack.com\/de\/wp-json\/wp\/v2\/pages"}],"about":[{"href":"https:\/\/relopack.com\/de\/wp-json\/wp\/v2\/types\/page"}],"author":[{"embeddable":true,"href":"https:\/\/relopack.com\/de\/wp-json\/wp\/v2\/users\/1"}],"replies":[{"embeddable":true,"href":"https:\/\/relopack.com\/de\/wp-json\/wp\/v2\/comments?post=1877"}],"version-history":[{"count":13,"href":"https:\/\/relopack.com\/de\/wp-json\/wp\/v2\/pages\/1877\/revisions"}],"predecessor-version":[{"id":2850,"href":"https:\/\/relopack.com\/de\/wp-json\/wp\/v2\/pages\/1877\/revisions\/2850"}],"wp:attachment":[{"href":"https:\/\/relopack.com\/de\/wp-json\/wp\/v2\/media?parent=1877"}],"curies":[{"name":"wp","href":"https:\/\/api.w.org\/{rel}","templated":true}]}}